{"id":7,"date":"2025-11-09T07:34:02","date_gmt":"2025-11-09T07:34:02","guid":{"rendered":"https:\/\/redovnistvo.org\/?page_id=7"},"modified":"2025-11-10T18:54:39","modified_gmt":"2025-11-10T18:54:39","slug":"prijave","status":"publish","type":"page","link":"https:\/\/redovnistvo.org\/?page_id=7","title":{"rendered":"Prijava za Kri\u017eevce 2025"},"content":{"rendered":"\t\t<div data-elementor-type=\"wp-post\" data-elementor-id=\"7\" class=\"elementor elementor-7\">\n\t\t\t\t<div class=\"elementor-element elementor-element-ea0bf22 e-flex e-con-boxed e-con e-parent\" data-id=\"ea0bf22\" data-element_type=\"container\">\n\t\t\t\t\t<div class=\"e-con-inner\">\n\t\t\t\t<div class=\"elementor-element elementor-element-b8ae7fb elementor-widget elementor-widget-image\" data-id=\"b8ae7fb\" data-element_type=\"widget\" data-widget_type=\"image.default\">\n\t\t\t\t\t\t\t\t\t\t\t\t\t\t\t<img fetchpriority=\"high\" decoding=\"async\" width=\"2000\" height=\"604\" src=\"https:\/\/redovnistvo.org\/wp-content\/uploads\/2025\/11\/Logo_HKVRPP-2.jpg\" class=\"attachment-full size-full wp-image-23\" alt=\"\" srcset=\"https:\/\/redovnistvo.org\/wp-content\/uploads\/2025\/11\/Logo_HKVRPP-2.jpg 2000w, https:\/\/redovnistvo.org\/wp-content\/uploads\/2025\/11\/Logo_HKVRPP-2-300x91.jpg 300w, https:\/\/redovnistvo.org\/wp-content\/uploads\/2025\/11\/Logo_HKVRPP-2-1024x309.jpg 1024w, https:\/\/redovnistvo.org\/wp-content\/uploads\/2025\/11\/Logo_HKVRPP-2-768x232.jpg 768w, https:\/\/redovnistvo.org\/wp-content\/uploads\/2025\/11\/Logo_HKVRPP-2-1536x464.jpg 1536w\" sizes=\"(max-width: 2000px) 100vw, 2000px\" \/>\t\t\t\t\t\t\t\t\t\t\t\t\t\t\t<\/div>\n\t\t\t\t\t<\/div>\n\t\t\t\t<\/div>\n\t\t<div class=\"elementor-element elementor-element-f912cf2 e-flex e-con-boxed e-con e-parent\" data-id=\"f912cf2\" data-element_type=\"container\">\n\t\t\t\t\t<div class=\"e-con-inner\">\n\t\t\t\t<div class=\"elementor-element elementor-element-8764b52 elementor-widget elementor-widget-text-editor\" data-id=\"8764b52\" data-element_type=\"widget\" data-widget_type=\"text-editor.default\">\n\t\t\t\t\t\t\t\t\t<p style=\"text-align: right;\">Zagreb, 7. studenoga 2025.<\/p><p style=\"text-align: right;\">Br. 102\/2025<\/p>\t\t\t\t\t\t\t\t<\/div>\n\t\t\t\t\t<\/div>\n\t\t\t\t<\/div>\n\t\t<div class=\"elementor-element elementor-element-dd8d29e e-flex e-con-boxed e-con e-parent\" data-id=\"dd8d29e\" data-element_type=\"container\">\n\t\t\t\t\t<div class=\"e-con-inner\">\n\t\t\t\t<div class=\"elementor-element elementor-element-aad2079 elementor-widget elementor-widget-heading\" data-id=\"aad2079\" data-element_type=\"widget\" data-widget_type=\"heading.default\">\n\t\t\t\t\t<h2 class=\"elementor-heading-title elementor-size-default\">Predmet: Predbo\u017ei\u0107ni posjet Domu za djecu bez odgovaraju\u0107e roditeljske skrbi, Domu za starije i nemo\u0107ne osobe i hodo\u010da\u0161\u0107e u Kri\u017eevce<\/h2>\t\t\t\t<\/div>\n\t\t\t\t\t<\/div>\n\t\t\t\t<\/div>\n\t\t<div class=\"elementor-element elementor-element-7ef3fda e-flex e-con-boxed e-con e-parent\" data-id=\"7ef3fda\" data-element_type=\"container\">\n\t\t\t\t\t<div class=\"e-con-inner\">\n\t\t\t\t<div class=\"elementor-element elementor-element-39952bf elementor-widget elementor-widget-text-editor\" data-id=\"39952bf\" data-element_type=\"widget\" data-widget_type=\"text-editor.default\">\n\t\t\t\t\t\t\t\t\t<p><strong>REDOVNI\u010cKIM ZAJEDNICAMA KOJE NUDE SMJE\u0160TAJ DJEVOJKAMA\/MLADI\u0106IMA<\/strong><\/p><p>Po\u0161tovane i drage sestre i bra\u0107o,<\/p><p>radosni smo \u0161to Vas mo\u017eemo pozvati da zajedno s djevojkama\/mladi\u0107ima koji imaju smje\u0161taj u Va\u0161im samostanima u subotu,<strong> 13. prosinca 2025.<\/strong> godine sudjelujete u Predbo\u017ei\u0107nom\u00a0 posjetu Domu za djecu bez odgovaraju\u0107e roditeljske skrbi, Domu za starije i nemo\u0107ne osobe i u hodo\u010da\u0161\u0107u u Kri\u017eevce<em>.<\/em><\/p><p>Program posjeta:<\/p><p><strong>Samostan sestara Reda sv. Bazilija Velikog (Dom za djecu bez odgovaraju\u0107e roditeljske skrbi i Dom za starije i nemo\u0107ne osobe) <\/strong>\u00a0<\/p><ul><li>Pobo\u017enost svete krunice s korisnicima Domova<\/li><li>Podjela darova i dru\u017eenje s korisnicima Domova (igre, pjesme)<\/li><li>Predstavljanje Reda sv. Bazilija Velikog<\/li><li>Ru\u010dak<\/li><\/ul><p><strong>Grkokatoli\u010dka katedrala Presvete Trojice<\/strong><\/p><ul><li>Molitva za potpuni oprost<\/li><li>Povijest Katedrale<\/li><li>Moleben sv. \u0160arbela\u00a0<\/li><li>Pomazanje uljem sv. \u0160arbela<\/li><\/ul><p><strong>Crkva sv. Ane<\/strong><\/p><ul><li>Povijest Crkve<\/li><li>Pokorni\u010dko bogoslu\u017eje<\/li><li>Sakrament svete ispovijedi<\/li><li>Euharistijsko slavlje<\/li><\/ul><p><br \/>Sudjelovanje Va\u0161ih sestara\/bra\u0107e i djevojaka\/mladi\u0107a <strong>prijavite do 22. studenoga 2025. godine<\/strong> preko donje navedenog obrasca.<\/p><p>Tro\u0161kove prijevoza i donacijskih darova u potpunosti snosi Hrvatska redovni\u010dka konferencija. Nakon zaklju\u010denih prijava obavijestit \u0107emo Vas o to\u010dnom vremenu polaska i povratka te \u0107emo zajedno s Vama organizirati djevojke\/mladi\u0107e u animiranju pobo\u017enosti i euharistijskog slavlja.<\/p><p>Unaprijed zahvaljujemo za suradnju,<\/p><p style=\"text-align: right;\">s. Krista Mijatovi\u0107 SCSC<br \/>tajnica HRK<\/p>\t\t\t\t\t\t\t\t<\/div>\n\t\t\t\t\t<\/div>\n\t\t\t\t<\/div>\n\t\t<div class=\"elementor-element elementor-element-a4d55a0 e-flex e-con-boxed e-con e-parent\" data-id=\"a4d55a0\" data-element_type=\"container\">\n\t\t\t\t\t<div class=\"e-con-inner\">\n\t\t\t\t<div class=\"elementor-element elementor-element-86c5d51 elementor-widget elementor-widget-wpforms\" data-id=\"86c5d51\" data-element_type=\"widget\" data-widget_type=\"wpforms.default\">\n\t\t\t\t<div class=\"elementor-widget-container\">\n\t\t\t\t\t<style id=\"wpforms-css-vars-root\">\n\t\t\t\t:root {\n\t\t\t\t\t--wpforms-field-border-radius: 3px;\n--wpforms-field-border-style: solid;\n--wpforms-field-border-size: 1px;\n--wpforms-field-background-color: #ffffff;\n--wpforms-field-border-color: rgba( 0, 0, 0, 0.25 );\n--wpforms-field-border-color-spare: rgba( 0, 0, 0, 0.25 );\n--wpforms-field-text-color: rgba( 0, 0, 0, 0.7 );\n--wpforms-field-menu-color: #ffffff;\n--wpforms-label-color: rgba( 0, 0, 0, 0.85 );\n--wpforms-label-sublabel-color: rgba( 0, 0, 0, 0.55 );\n--wpforms-label-error-color: #d63637;\n--wpforms-button-border-radius: 3px;\n--wpforms-button-border-style: none;\n--wpforms-button-border-size: 1px;\n--wpforms-button-background-color: #066aab;\n--wpforms-button-border-color: #066aab;\n--wpforms-button-text-color: #ffffff;\n--wpforms-page-break-color: #066aab;\n--wpforms-background-image: none;\n--wpforms-background-position: center center;\n--wpforms-background-repeat: no-repeat;\n--wpforms-background-size: cover;\n--wpforms-background-width: 100px;\n--wpforms-background-height: 100px;\n--wpforms-background-color: rgba( 0, 0, 0, 0 );\n--wpforms-background-url: none;\n--wpforms-container-padding: 0px;\n--wpforms-container-border-style: none;\n--wpforms-container-border-width: 1px;\n--wpforms-container-border-color: #000000;\n--wpforms-container-border-radius: 3px;\n--wpforms-field-size-input-height: 43px;\n--wpforms-field-size-input-spacing: 15px;\n--wpforms-field-size-font-size: 16px;\n--wpforms-field-size-line-height: 19px;\n--wpforms-field-size-padding-h: 14px;\n--wpforms-field-size-checkbox-size: 16px;\n--wpforms-field-size-sublabel-spacing: 5px;\n--wpforms-field-size-icon-size: 1;\n--wpforms-label-size-font-size: 16px;\n--wpforms-label-size-line-height: 19px;\n--wpforms-label-size-sublabel-font-size: 14px;\n--wpforms-label-size-sublabel-line-height: 17px;\n--wpforms-button-size-font-size: 17px;\n--wpforms-button-size-height: 41px;\n--wpforms-button-size-padding-h: 15px;\n--wpforms-button-size-margin-top: 10px;\n--wpforms-container-shadow-size-box-shadow: none;\n\n\t\t\t\t}\n\t\t\t<\/style><style id=\"wpforms-css-vars-elementor-widget-86c5d51\">\n\t\t\t\t.elementor-widget-wpforms.elementor-element-86c5d51 {\n\t\t\t\t\t--wpforms-field-size-input-height: 43px;\n--wpforms-field-size-input-spacing: 15px;\n--wpforms-field-size-font-size: 16px;\n--wpforms-field-size-line-height: 19px;\n--wpforms-field-size-padding-h: 14px;\n--wpforms-field-size-checkbox-size: 16px;\n--wpforms-field-size-sublabel-spacing: 5px;\n--wpforms-field-size-icon-size: 1;\n--wpforms-label-size-font-size: 16px;\n--wpforms-label-size-line-height: 19px;\n--wpforms-label-size-sublabel-font-size: 14px;\n--wpforms-label-size-sublabel-line-height: 17px;\n--wpforms-button-size-font-size: 17px;\n--wpforms-button-size-height: 41px;\n--wpforms-button-size-padding-h: 15px;\n--wpforms-button-size-margin-top: 10px;\n\n\t\t\t\t}\n\t\t\t<\/style><div class=\"wpforms-container wpforms-container-full wpforms-render-modern\" id=\"wpforms-16\"><form id=\"wpforms-form-16\" class=\"wpforms-validate wpforms-form wpforms-ajax-form\" data-formid=\"16\" method=\"post\" enctype=\"multipart\/form-data\" action=\"\/index.php?rest_route=%2Fwp%2Fv2%2Fpages%2F7\" data-token=\"38958c6296a0c3f5c00211a2a598c7a7\" data-token-time=\"1776279675\"><noscript class=\"wpforms-error-noscript\">Please enable JavaScript in your browser to complete this form.<\/noscript><div class=\"wpforms-hidden\" id=\"wpforms-error-noscript\">Please enable JavaScript in your browser to complete this form.<\/div><div class=\"wpforms-field-container\"><div id=\"wpforms-16-field_4-container\" class=\"wpforms-field wpforms-field-email\" data-field-id=\"4\"><label class=\"wpforms-field-label\" for=\"wpforms-16-field_4\">E-mail <span class=\"wpforms-required-label\" aria-hidden=\"true\">*<\/span><\/label><input type=\"email\" id=\"wpforms-16-field_4\" class=\"wpforms-field-large wpforms-field-required\" name=\"wpforms[fields][4]\" spellcheck=\"false\" aria-errormessage=\"wpforms-16-field_4-error\" required><\/div><div id=\"wpforms-16-field_1-container\" class=\"wpforms-field wpforms-field-text\" data-field-id=\"1\"><label class=\"wpforms-field-label\" for=\"wpforms-16-field_1\">Ime redovni\u010dke zajednice\/provincije <span class=\"wpforms-required-label\" aria-hidden=\"true\">*<\/span><\/label><input type=\"text\" id=\"wpforms-16-field_1\" class=\"wpforms-field-large wpforms-field-required\" name=\"wpforms[fields][1]\" aria-errormessage=\"wpforms-16-field_1-error\" required><\/div><div id=\"wpforms-16-field_2-container\" class=\"wpforms-field wpforms-field-textarea\" data-field-id=\"2\"><label class=\"wpforms-field-label\" for=\"wpforms-16-field_2\">Imena i prezimena sestara\/bra\u0107e i djevojaka\/mladi\u0107a<\/label><textarea id=\"wpforms-16-field_2\" class=\"wpforms-field-medium\" name=\"wpforms[fields][2]\" aria-errormessage=\"wpforms-16-field_2-error\" ><\/textarea><\/div><div id=\"wpforms-16-field_3-container\" class=\"wpforms-field wpforms-field-textarea\" data-field-id=\"3\"><label class=\"wpforms-field-label\" for=\"wpforms-16-field_3\">Koja se djevojka\/mladi\u0107 mo\u017ee uklju\u010diti u sviranje i pjevanje<\/label><textarea id=\"wpforms-16-field_3\" class=\"wpforms-field-medium\" name=\"wpforms[fields][3]\" aria-errormessage=\"wpforms-16-field_3-error\" ><\/textarea><\/div><\/div><!-- .wpforms-field-container --><div class=\"wpforms-submit-container\" ><input type=\"hidden\" name=\"wpforms[id]\" value=\"16\"><input type=\"hidden\" name=\"page_title\" value=\"\"><input type=\"hidden\" name=\"page_url\" value=\"https:\/\/redovnistvo.org\/index.php?rest_route=%2Fwp%2Fv2%2Fpages%2F7\"><button type=\"submit\" name=\"wpforms[submit]\" id=\"wpforms-submit-16\" class=\"wpforms-submit\" data-alt-text=\"\u0160aljem...\" data-submit-text=\"Slanje prijave\" aria-live=\"assertive\" value=\"wpforms-submit\">Slanje prijave<\/button><img decoding=\"async\" src=\"https:\/\/redovnistvo.org\/wp-content\/plugins\/wpforms\/assets\/images\/submit-spin.svg\" class=\"wpforms-submit-spinner\" style=\"display: none;\" width=\"26\" height=\"26\" alt=\"Loading\"><\/div><\/form><\/div>  <!-- .wpforms-container -->\t\t\t\t<\/div>\n\t\t\t\t<\/div>\n\t\t\t\t\t<\/div>\n\t\t\t\t<\/div>\n\t\t\t\t<\/div>\n\t\t","protected":false},"excerpt":{"rendered":"<p>Zagreb, 7. studenoga 2025. Br. 102\/2025 Predmet: Predbo\u017ei\u0107ni posjet Domu za djecu bez odgovaraju\u0107e roditeljske skrbi, Domu za starije i nemo\u0107ne osobe i hodo\u010da\u0161\u0107e u Kri\u017eevce REDOVNI\u010cKIM ZAJEDNICAMA KOJE NUDE SMJE\u0160TAJ DJEVOJKAMA\/MLADI\u0106IMA Po\u0161tovane i drage sestre i bra\u0107o, radosni smo \u0161to Vas mo\u017eemo pozvati da zajedno s djevojkama\/mladi\u0107ima koji imaju smje\u0161taj u Va\u0161im samostanima u [&hellip;]<\/p>\n","protected":false},"author":1,"featured_media":0,"parent":0,"menu_order":0,"comment_status":"closed","ping_status":"closed","template":"elementor_canvas","meta":{"footnotes":""},"class_list":["post-7","page","type-page","status-publish","hentry"],"_links":{"self":[{"href":"https:\/\/redovnistvo.org\/index.php?rest_route=\/wp\/v2\/pages\/7","targetHints":{"allow":["GET"]}}],"collection":[{"href":"https:\/\/redovnistvo.org\/index.php?rest_route=\/wp\/v2\/pages"}],"about":[{"href":"https:\/\/redovnistvo.org\/index.php?rest_route=\/wp\/v2\/types\/page"}],"author":[{"embeddable":true,"href":"https:\/\/redovnistvo.org\/index.php?rest_route=\/wp\/v2\/users\/1"}],"replies":[{"embeddable":true,"href":"https:\/\/redovnistvo.org\/index.php?rest_route=%2Fwp%2Fv2%2Fcomments&post=7"}],"version-history":[{"count":35,"href":"https:\/\/redovnistvo.org\/index.php?rest_route=\/wp\/v2\/pages\/7\/revisions"}],"predecessor-version":[{"id":63,"href":"https:\/\/redovnistvo.org\/index.php?rest_route=\/wp\/v2\/pages\/7\/revisions\/63"}],"wp:attachment":[{"href":"https:\/\/redovnistvo.org\/index.php?rest_route=%2Fwp%2Fv2%2Fmedia&parent=7"}],"curies":[{"name":"wp","href":"https:\/\/api.w.org\/{rel}","templated":true}]}}