{"id":309,"date":"2026-02-19T16:35:23","date_gmt":"2026-02-19T16:35:23","guid":{"rendered":"https:\/\/redovnistvo.org\/?page_id=309"},"modified":"2026-03-12T19:17:14","modified_gmt":"2026-03-12T19:17:14","slug":"mail-adrese","status":"publish","type":"page","link":"https:\/\/redovnistvo.org\/?page_id=309","title":{"rendered":"A\u017euriranje mail adresa"},"content":{"rendered":"\t\t<div data-elementor-type=\"wp-post\" data-elementor-id=\"309\" class=\"elementor elementor-309\">\n\t\t\t\t<div class=\"elementor-element elementor-element-ea0bf22 e-flex e-con-boxed e-con e-parent\" data-id=\"ea0bf22\" data-element_type=\"container\">\n\t\t\t\t\t<div class=\"e-con-inner\">\n\t\t\t\t<div class=\"elementor-element elementor-element-b8ae7fb elementor-widget elementor-widget-image\" data-id=\"b8ae7fb\" data-element_type=\"widget\" data-widget_type=\"image.default\">\n\t\t\t\t\t\t\t\t\t\t\t\t\t\t\t<img fetchpriority=\"high\" decoding=\"async\" width=\"2000\" height=\"604\" src=\"https:\/\/redovnistvo.org\/wp-content\/uploads\/2025\/11\/Logo_HKVRPP-2.jpg\" class=\"attachment-full size-full wp-image-23\" alt=\"\" srcset=\"https:\/\/redovnistvo.org\/wp-content\/uploads\/2025\/11\/Logo_HKVRPP-2.jpg 2000w, https:\/\/redovnistvo.org\/wp-content\/uploads\/2025\/11\/Logo_HKVRPP-2-300x91.jpg 300w, https:\/\/redovnistvo.org\/wp-content\/uploads\/2025\/11\/Logo_HKVRPP-2-1024x309.jpg 1024w, https:\/\/redovnistvo.org\/wp-content\/uploads\/2025\/11\/Logo_HKVRPP-2-768x232.jpg 768w, https:\/\/redovnistvo.org\/wp-content\/uploads\/2025\/11\/Logo_HKVRPP-2-1536x464.jpg 1536w\" sizes=\"(max-width: 2000px) 100vw, 2000px\" \/>\t\t\t\t\t\t\t\t\t\t\t\t\t\t\t<\/div>\n\t\t\t\t\t<\/div>\n\t\t\t\t<\/div>\n\t\t<div class=\"elementor-element elementor-element-dd8d29e e-flex e-con-boxed e-con e-parent\" data-id=\"dd8d29e\" data-element_type=\"container\">\n\t\t\t\t\t<div class=\"e-con-inner\">\n\t\t\t\t<div class=\"elementor-element elementor-element-aad2079 elementor-widget elementor-widget-heading\" data-id=\"aad2079\" data-element_type=\"widget\" data-widget_type=\"heading.default\">\n\t\t\t\t\t<h2 class=\"elementor-heading-title elementor-size-default\">A\u017euriranje mail adresa.<\/h2>\t\t\t\t<\/div>\n\t\t\t\t\t<\/div>\n\t\t\t\t<\/div>\n\t\t<div class=\"elementor-element elementor-element-7ef3fda e-flex e-con-boxed e-con e-parent\" data-id=\"7ef3fda\" data-element_type=\"container\">\n\t\t\t\t\t<div class=\"e-con-inner\">\n\t\t\t\t<div class=\"elementor-element elementor-element-39952bf elementor-widget elementor-widget-text-editor\" data-id=\"39952bf\" data-element_type=\"widget\" data-widget_type=\"text-editor.default\">\n\t\t\t\t\t\t\t\t\t<p>Upi\u0161ite mail adrese na koje \u017eelite da vam sti\u017eu mailovi Hrvatske redovni\u010dke konferencije.<\/p>\t\t\t\t\t\t\t\t<\/div>\n\t\t\t\t\t<\/div>\n\t\t\t\t<\/div>\n\t\t<div class=\"elementor-element elementor-element-a4d55a0 e-flex e-con-boxed e-con e-parent\" data-id=\"a4d55a0\" data-element_type=\"container\">\n\t\t\t\t\t<div class=\"e-con-inner\">\n\t\t\t\t<div class=\"elementor-element elementor-element-86c5d51 elementor-widget elementor-widget-wpforms\" data-id=\"86c5d51\" data-element_type=\"widget\" data-widget_type=\"wpforms.default\">\n\t\t\t\t<div class=\"elementor-widget-container\">\n\t\t\t\t\t<style id=\"wpforms-css-vars-root\">\n\t\t\t\t:root {\n\t\t\t\t\t--wpforms-field-border-radius: 3px;\n--wpforms-field-border-style: solid;\n--wpforms-field-border-size: 1px;\n--wpforms-field-background-color: #ffffff;\n--wpforms-field-border-color: rgba( 0, 0, 0, 0.25 );\n--wpforms-field-border-color-spare: rgba( 0, 0, 0, 0.25 );\n--wpforms-field-text-color: rgba( 0, 0, 0, 0.7 );\n--wpforms-field-menu-color: #ffffff;\n--wpforms-label-color: rgba( 0, 0, 0, 0.85 );\n--wpforms-label-sublabel-color: rgba( 0, 0, 0, 0.55 );\n--wpforms-label-error-color: #d63637;\n--wpforms-button-border-radius: 3px;\n--wpforms-button-border-style: none;\n--wpforms-button-border-size: 1px;\n--wpforms-button-background-color: #066aab;\n--wpforms-button-border-color: #066aab;\n--wpforms-button-text-color: #ffffff;\n--wpforms-page-break-color: #066aab;\n--wpforms-background-image: none;\n--wpforms-background-position: center center;\n--wpforms-background-repeat: no-repeat;\n--wpforms-background-size: cover;\n--wpforms-background-width: 100px;\n--wpforms-background-height: 100px;\n--wpforms-background-color: rgba( 0, 0, 0, 0 );\n--wpforms-background-url: none;\n--wpforms-container-padding: 0px;\n--wpforms-container-border-style: none;\n--wpforms-container-border-width: 1px;\n--wpforms-container-border-color: #000000;\n--wpforms-container-border-radius: 3px;\n--wpforms-field-size-input-height: 43px;\n--wpforms-field-size-input-spacing: 15px;\n--wpforms-field-size-font-size: 16px;\n--wpforms-field-size-line-height: 19px;\n--wpforms-field-size-padding-h: 14px;\n--wpforms-field-size-checkbox-size: 16px;\n--wpforms-field-size-sublabel-spacing: 5px;\n--wpforms-field-size-icon-size: 1;\n--wpforms-label-size-font-size: 16px;\n--wpforms-label-size-line-height: 19px;\n--wpforms-label-size-sublabel-font-size: 14px;\n--wpforms-label-size-sublabel-line-height: 17px;\n--wpforms-button-size-font-size: 17px;\n--wpforms-button-size-height: 41px;\n--wpforms-button-size-padding-h: 15px;\n--wpforms-button-size-margin-top: 10px;\n--wpforms-container-shadow-size-box-shadow: none;\n\n\t\t\t\t}\n\t\t\t<\/style><style id=\"wpforms-css-vars-elementor-widget-86c5d51\">\n\t\t\t\t.elementor-widget-wpforms.elementor-element-86c5d51 {\n\t\t\t\t\t--wpforms-field-size-input-height: 43px;\n--wpforms-field-size-input-spacing: 15px;\n--wpforms-field-size-font-size: 16px;\n--wpforms-field-size-line-height: 19px;\n--wpforms-field-size-padding-h: 14px;\n--wpforms-field-size-checkbox-size: 16px;\n--wpforms-field-size-sublabel-spacing: 5px;\n--wpforms-field-size-icon-size: 1;\n--wpforms-label-size-font-size: 16px;\n--wpforms-label-size-line-height: 19px;\n--wpforms-label-size-sublabel-font-size: 14px;\n--wpforms-label-size-sublabel-line-height: 17px;\n--wpforms-button-size-font-size: 17px;\n--wpforms-button-size-height: 41px;\n--wpforms-button-size-padding-h: 15px;\n--wpforms-button-size-margin-top: 10px;\n\n\t\t\t\t}\n\t\t\t<\/style><div class=\"wpforms-container wpforms-container-full wpforms-render-modern\" id=\"wpforms-125\"><form id=\"wpforms-form-125\" class=\"wpforms-validate wpforms-form wpforms-ajax-form\" data-formid=\"125\" method=\"post\" enctype=\"multipart\/form-data\" action=\"\/index.php?rest_route=%2Fwp%2Fv2%2Fpages%2F309\" data-token=\"1e6433d2011b2c517ab5787779756c7d\" data-token-time=\"1776590840\"><noscript class=\"wpforms-error-noscript\">Please enable JavaScript in your browser to complete this form.<\/noscript><div class=\"wpforms-hidden\" id=\"wpforms-error-noscript\">Please enable JavaScript in your browser to complete this form.<\/div><div class=\"wpforms-field-container\"><div id=\"wpforms-125-field_5-container\" class=\"wpforms-field wpforms-field-name\" data-field-id=\"5\"><label class=\"wpforms-field-label\" for=\"wpforms-125-field_5\">Ime i prezime poglavarice\/poglavara <span class=\"wpforms-required-label\" aria-hidden=\"true\">*<\/span><\/label><input type=\"text\" id=\"wpforms-125-field_5\" class=\"wpforms-field-medium wpforms-field-required\" name=\"wpforms[fields][5]\" aria-errormessage=\"wpforms-125-field_5-error\" required><\/div><div id=\"wpforms-125-field_12-container\" class=\"wpforms-field wpforms-field-select wpforms-field-select-style-modern\" data-field-id=\"12\"><label class=\"wpforms-field-label\" for=\"wpforms-125-field_12\">Ime redovni\u010dke zajednice\/provincije<\/label><select id=\"wpforms-125-field_12\" class=\"wpforms-field-medium choicesjs-select\" data-size-class=\"wpforms-field-row wpforms-field-medium\" data-search-enabled=\"1\" name=\"wpforms[fields][12]\"><option value=\"\" class=\"placeholder\" disabled  selected='selected'>Odaberite ime redovni\u010dke zajednice\/provincije\/uprave<\/option><option value=\"OSBM\" >Bazilijanke<\/option><option value=\"OP (Dominikanke)\" >Dominikanke<\/option><option value=\"SFMA\" >Franjevke misionarke iz Asiza<\/option><option value=\"FI\" >Franjevke od Bezgrje\u0161ne<\/option><option value=\"FIC_DU\" >Franjevke od Bezgrje\u0161nog Za\u010de\u0107a iz Dubrovnika<\/option><option value=\"CDCJ\" >Karmeli\u0107anke Bo\u017eanskog Srca Isusova<\/option><option value=\"FDC\" >K\u0107eri Bo\u017eje ljubavi<\/option><option value=\"CFM\" >K\u0107eri Milosr\u0111a TSR sv. Franje<\/option><option value=\"ASC\" >Klanjateljice Krvi Kristove<\/option><option value=\"MSMM\" >Marijine sestre \u010dudotvorne medaljice<\/option><option value=\"SCSC\" >Milosrdne sestre sv. Kri\u017ea<\/option><option value=\"MVZ_VU\" >Milosrdnice sv. Vinka Paulskoga, vrhovna uprava<\/option><option value=\"MVZ_RI\" >Milosrdnice sv. Vinka Paulskoga, Rije\u010dka provincija<\/option><option value=\"MVZ_ST\" >Milosrdnice sv. Vinka Paulskoga, Splitska provincija<\/option><option value=\"MVZ_ZG\" >Milosrdnice sv. Vinka Paulskoga, Zagreba\u010dka provincija<\/option><option value=\"SRM\" >Sestre Kraljice svijeta<\/option><option value=\"DSNG\" >Sestre Na\u0161e Gospe<\/option><option value=\"SCJ\" >Sestre Presvetog Srca Isusova<\/option><option value=\"SMI_VU\" >Slu\u017eavke Malog Isusa, vrhovna uprava<\/option><option value=\"SMI_ST\" >Slu\u017eavke Malog Isusa, Splitska provincija<\/option><option value=\"SMI_ZG\" >Slu\u017eavke Malog Isusa, Zagreba\u010dka provincija<\/option><option value=\"AdC\" >Slu\u017ebenice milosr\u0111a<\/option><option value=\"SSFCR_ST\" >\u0160kolske sestre franjevke Krista Kralja (Split)<\/option><option value=\"OSU\" >Ur\u0161ulinke<\/option><option value=\"OSVM\" >Vasilijanke<\/option><option value=\"BIMS\" >Bratstvo malih Isusovih sestara<\/option><option value=\"FIC_CG\" >Franjevke Bezgrje\u0161nog Za\u010de\u0107a (CG)<\/option><option value=\"FCC\" >K\u0107eri kr\u0161\u0107anske ljubavi<\/option><option value=\"FMA\" >K\u0107eri Marije Pomo\u0107nice, Slovensko-hrvatska provincija<\/option><option value=\"SMI_SA\" >Slu\u017eavke Malog Isusa, Sarajevska provincija<\/option><option value=\"SSFCR_MO\" >\u0160kolske sestre franjevke, Mostarska provincija<\/option><option value=\"SSFCR_SA\" >\u0160kolske sestre franjevke, Bosansko-hrvatska provincija<\/option><option value=\"SC\" >Slu\u017eavke Kristove<\/option><option value=\"OP\" >Hrvatska dominikanska provincija navje\u0161tenja BDM<\/option><option value=\"OFM_ST\" >Franjeva\u010dka provincija Presvetog Otkupitelja, Split<\/option><option value=\"OFM_ZD\" >Franjeva\u010dka kustodija sv. Jeronima u Dalmaciji i Istri, Zadar<\/option><option value=\"OFM_ZG\" >Hrvatska franjeva\u010dka provincija sv. \u0106irila i Metoda, Zagreb<\/option><option value=\"OFMCap\" >Hrvatska kapucinska provincija sv. Leopolda Bogdana Mandi\u0107a<\/option><option value=\"OFMConv\" >Hrvatska provincija sv. Jeronima franjevaca konventualaca<\/option><option value=\"TOR\" >Provincija franjevaca tre\u0107oredaca glagolja\u0161a<\/option><option value=\"SJ\" >Hrvatska pokrajina Dru\u017ebe Isusove<\/option><option value=\"OCD\" >Hrvatska karmelska provincija sv. oca Josipa<\/option><option value=\"SDB\" >Hrvatska salezijanska provincija sv. Ivana Bosca<\/option><option value=\"CSSp\" >Dru\u017eba Duha Svetoga<\/option><option value=\"SCJ\" >Dru\u017eba sve\u0107enika Srca Isusova, dehonijanci<\/option><option value=\"OFM_SA\" >Franjeva\u010dka provincija Bosna Srebrena<\/option><option value=\"OFM_MO\" >Franjeva\u010dki samostan Hercegova\u010dke provincije, Zagreb<\/option><option value=\"CM\" >Misijska dru\u017eba sv. Vinka Paulskog, lazaristi<\/option><option value=\"SVD\" >Dru\u017eba Bo\u017eje rije\u010di, verbiti, Distrikt Hrvatska<\/option><option value=\"CPPS\" >Dru\u017eba Misionara Krvi Kristove, Hrvatska delegatura<\/option><option value=\"SMM\" >Monfortanci (Marijini misionari)<\/option><option value=\"SAC\" >Dru\u017eba katoli\u010dkog apostolata, palotinci, hrvatska delegatura<\/option><option value=\"CFIC\" >Sinovi Bezgrje\u0161nog Za\u010de\u0107a<\/option><option value=\"OSB\" >Benediktinski priorat \u0106okovac<\/option><option value=\"OSPPE\" >Hrvatska pavlinska provincija<\/option><\/select><div id=\"wpforms-125-field_12-description\" class=\"wpforms-field-description\">U slu\u010daju da va\u0161a zajednica nije navedena u ovom izborniku napi\u0161ite puno ime u sljede\u0107e polje.<\/div><\/div><div id=\"wpforms-125-field_17-container\" class=\"wpforms-field wpforms-field-text\" data-field-id=\"17\"><label class=\"wpforms-field-label\" for=\"wpforms-125-field_17\">Ime redovni\u010dke zajednice\/provincije<\/label><input type=\"text\" id=\"wpforms-125-field_17\" class=\"wpforms-field-medium\" name=\"wpforms[fields][17]\" aria-errormessage=\"wpforms-125-field_17-error\" ><\/div><div id=\"wpforms-125-field_13-container\" class=\"wpforms-field wpforms-field-email\" data-field-id=\"13\"><label class=\"wpforms-field-label\" for=\"wpforms-125-field_13\">Email <span class=\"wpforms-required-label\" aria-hidden=\"true\">*<\/span><\/label><input type=\"email\" id=\"wpforms-125-field_13\" class=\"wpforms-field-medium wpforms-field-required\" name=\"wpforms[fields][13]\" spellcheck=\"false\" aria-errormessage=\"wpforms-125-field_13-error\" required><\/div><div id=\"wpforms-125-field_3-container\" class=\"wpforms-field wpforms-field-email\" data-field-id=\"3\"><label class=\"wpforms-field-label\" for=\"wpforms-125-field_3\">E-mail<\/label><input type=\"email\" id=\"wpforms-125-field_3\" class=\"wpforms-field-medium\" name=\"wpforms[fields][3]\" spellcheck=\"false\" aria-errormessage=\"wpforms-125-field_3-error\" ><\/div><div id=\"wpforms-125-field_14-container\" class=\"wpforms-field wpforms-field-email\" data-field-id=\"14\"><label class=\"wpforms-field-label\" for=\"wpforms-125-field_14\">Email<\/label><input type=\"email\" id=\"wpforms-125-field_14\" class=\"wpforms-field-medium\" name=\"wpforms[fields][14]\" spellcheck=\"false\" aria-errormessage=\"wpforms-125-field_14-error\" ><\/div><div id=\"wpforms-125-field_15-container\" class=\"wpforms-field wpforms-field-email\" data-field-id=\"15\"><label class=\"wpforms-field-label\" for=\"wpforms-125-field_15\">Email<\/label><input type=\"email\" id=\"wpforms-125-field_15\" class=\"wpforms-field-medium\" name=\"wpforms[fields][15]\" spellcheck=\"false\" aria-errormessage=\"wpforms-125-field_15-error\" ><\/div><\/div><!-- .wpforms-field-container --><div class=\"wpforms-recaptcha-container wpforms-is-recaptcha wpforms-is-recaptcha-type-v3\" ><input type=\"hidden\" name=\"wpforms[recaptcha]\" value=\"\"><\/div><div class=\"wpforms-submit-container\" ><input type=\"hidden\" name=\"wpforms[id]\" value=\"125\"><input type=\"hidden\" name=\"page_title\" value=\"\"><input type=\"hidden\" name=\"page_url\" value=\"https:\/\/redovnistvo.org\/index.php?rest_route=%2Fwp%2Fv2%2Fpages%2F309\"><button type=\"submit\" name=\"wpforms[submit]\" id=\"wpforms-submit-125\" class=\"wpforms-submit\" data-alt-text=\"\u0160aljem...\" data-submit-text=\"Slanje prijave\" aria-live=\"assertive\" value=\"wpforms-submit\">Slanje prijave<\/button><img decoding=\"async\" src=\"https:\/\/redovnistvo.org\/wp-content\/plugins\/wpforms\/assets\/images\/submit-spin.svg\" class=\"wpforms-submit-spinner\" style=\"display: none;\" width=\"26\" height=\"26\" alt=\"Loading\"><\/div><\/form><\/div>  <!-- .wpforms-container -->\t\t\t\t<\/div>\n\t\t\t\t<\/div>\n\t\t\t\t\t<\/div>\n\t\t\t\t<\/div>\n\t\t\t\t<\/div>\n\t\t","protected":false},"excerpt":{"rendered":"<p>A\u017euriranje mail adresa. Upi\u0161ite mail adrese na koje \u017eelite da vam sti\u017eu mailovi Hrvatske redovni\u010dke konferencije. Please enable JavaScript in your browser to complete this form.Please enable JavaScript in your browser to complete this form.Ime i prezime poglavarice *Ime redovni\u010dke zajednice\/provincije *Odaberite ime redovni\u010dke zajednice\/provincije\/upraveBazilijankeDominikankeFranjevke misionarke iz AsizaFranjevke od Bezgrje\u0161neFranjevke od Bezgrje\u0161nog Za\u010de\u0107a iz DubrovnikaKarmeli\u0107anke [&hellip;]<\/p>\n","protected":false},"author":1,"featured_media":0,"parent":0,"menu_order":0,"comment_status":"closed","ping_status":"closed","template":"elementor_canvas","meta":{"footnotes":""},"class_list":["post-309","page","type-page","status-publish","hentry"],"_links":{"self":[{"href":"https:\/\/redovnistvo.org\/index.php?rest_route=\/wp\/v2\/pages\/309","targetHints":{"allow":["GET"]}}],"collection":[{"href":"https:\/\/redovnistvo.org\/index.php?rest_route=\/wp\/v2\/pages"}],"about":[{"href":"https:\/\/redovnistvo.org\/index.php?rest_route=\/wp\/v2\/types\/page"}],"author":[{"embeddable":true,"href":"https:\/\/redovnistvo.org\/index.php?rest_route=\/wp\/v2\/users\/1"}],"replies":[{"embeddable":true,"href":"https:\/\/redovnistvo.org\/index.php?rest_route=%2Fwp%2Fv2%2Fcomments&post=309"}],"version-history":[{"count":16,"href":"https:\/\/redovnistvo.org\/index.php?rest_route=\/wp\/v2\/pages\/309\/revisions"}],"predecessor-version":[{"id":373,"href":"https:\/\/redovnistvo.org\/index.php?rest_route=\/wp\/v2\/pages\/309\/revisions\/373"}],"wp:attachment":[{"href":"https:\/\/redovnistvo.org\/index.php?rest_route=%2Fwp%2Fv2%2Fmedia&parent=309"}],"curies":[{"name":"wp","href":"https:\/\/api.w.org\/{rel}","templated":true}]}}