{"id":2,"date":"2025-11-08T22:13:50","date_gmt":"2025-11-08T22:13:50","guid":{"rendered":"https:\/\/redovnistvo.org\/?page_id=2"},"modified":"2025-12-04T14:33:29","modified_gmt":"2025-12-04T14:33:29","slug":"sample-page","status":"publish","type":"page","link":"https:\/\/redovnistvo.org\/","title":{"rendered":"Po\u010detna"},"content":{"rendered":"<div class=\"wp-classic-menu-block \"><ul id=\"menu-hr\" class=\"menu\"><li id=\"menu-item-117\" class=\"menu-item menu-item-type-post_type menu-item-object-page menu-item-117\"><a href=\"https:\/\/redovnistvo.org\/?page_id=7\">Prijava za Kri\u017eevce 2025<\/a><\/li>\n<li id=\"menu-item-118\" class=\"menu-item menu-item-type-post_type menu-item-object-page menu-item-118\"><a href=\"https:\/\/redovnistvo.org\/?page_id=67\">Stru\u010dni skup za ekonome<\/a><\/li>\n<li id=\"menu-item-204\" class=\"menu-item menu-item-type-post_type menu-item-object-page menu-item-204\"><a href=\"https:\/\/redovnistvo.org\/?page_id=151\">Podatci o do\u017eivotno (sve\u010dano) zavjetovanim \u010dlanovima (2025.)<\/a><\/li>\n<li id=\"menu-item-205\" class=\"menu-item menu-item-type-post_type menu-item-object-page menu-item-205\"><a href=\"https:\/\/redovnistvo.org\/?page_id=130\">Stru\u010dni skup za tajnice\/ke<\/a><\/li>\n<li id=\"menu-item-233\" class=\"menu-item menu-item-type-post_type menu-item-object-page menu-item-233\"><a href=\"https:\/\/redovnistvo.org\/?page_id=232\">Stru\u010dni skup\/Duhovne vje\u017ebe Krk 14. &#8211; 21. o\u017eujka<\/a><\/li>\n<li id=\"menu-item-313\" class=\"menu-item menu-item-type-post_type menu-item-object-page menu-item-313\"><a href=\"https:\/\/redovnistvo.org\/?page_id=293\">Susret za tajnice i ekonome (Gromiljak, BiH)<\/a><\/li>\n<li id=\"menu-item-334\" class=\"menu-item menu-item-type-post_type menu-item-object-page menu-item-334\"><a href=\"https:\/\/redovnistvo.org\/?page_id=309\">A\u017euriranje mail adresa<\/a><\/li>\n<li id=\"menu-item-338\" class=\"menu-item menu-item-type-post_type menu-item-object-page menu-item-338\"><a href=\"https:\/\/redovnistvo.org\/?page_id=333\">Posjet domu u Oku\u010danima<\/a><\/li>\n<li id=\"menu-item-399\" class=\"menu-item menu-item-type-post_type menu-item-object-page menu-item-399\"><a href=\"https:\/\/redovnistvo.org\/?page_id=377\">Susret sestara s privremenim zavjetima od 15. do 17. svibnja<\/a><\/li>\n<li id=\"menu-item-403\" class=\"menu-item menu-item-type-post_type menu-item-object-page menu-item-403\"><a href=\"https:\/\/redovnistvo.org\/?page_id=378\">Vije\u0107anje redovni\u010dkih odgojitelja i odgojiteljica od 7. do 9. svibnja<\/a><\/li>\n<li id=\"menu-item-418\" class=\"menu-item menu-item-type-post_type menu-item-object-page menu-item-418\"><a href=\"https:\/\/redovnistvo.org\/?page_id=415\">Susret poglavarica mjesnih zajednica 8. \u2013 10. svibnja<\/a><\/li>\n<li id=\"menu-item-423\" class=\"menu-item menu-item-type-post_type menu-item-object-page menu-item-423\"><a href=\"https:\/\/redovnistvo.org\/?page_id=416\">Susret sestara koje vr\u0161e poslanje unutar samostana 15. \u2013 17. svibnja<\/a><\/li>\n<\/ul><\/div>\n\n\n<p><\/p>\n","protected":false},"excerpt":{"rendered":"","protected":false},"author":1,"featured_media":0,"parent":0,"menu_order":0,"comment_status":"closed","ping_status":"closed","template":"elementor_canvas","meta":{"footnotes":""},"class_list":["post-2","page","type-page","status-publish","hentry"],"_links":{"self":[{"href":"https:\/\/redovnistvo.org\/index.php?rest_route=\/wp\/v2\/pages\/2","targetHints":{"allow":["GET"]}}],"collection":[{"href":"https:\/\/redovnistvo.org\/index.php?rest_route=\/wp\/v2\/pages"}],"about":[{"href":"https:\/\/redovnistvo.org\/index.php?rest_route=\/wp\/v2\/types\/page"}],"author":[{"embeddable":true,"href":"https:\/\/redovnistvo.org\/index.php?rest_route=\/wp\/v2\/users\/1"}],"replies":[{"embeddable":true,"href":"https:\/\/redovnistvo.org\/index.php?rest_route=%2Fwp%2Fv2%2Fcomments&post=2"}],"version-history":[{"count":17,"href":"https:\/\/redovnistvo.org\/index.php?rest_route=\/wp\/v2\/pages\/2\/revisions"}],"predecessor-version":[{"id":237,"href":"https:\/\/redovnistvo.org\/index.php?rest_route=\/wp\/v2\/pages\/2\/revisions\/237"}],"wp:attachment":[{"href":"https:\/\/redovnistvo.org\/index.php?rest_route=%2Fwp%2Fv2%2Fmedia&parent=2"}],"curies":[{"name":"wp","href":"https:\/\/api.w.org\/{rel}","templated":true}]}}